{"id":50,"date":"2014-02-01T16:07:20","date_gmt":"2014-02-01T16:07:20","guid":{"rendered":"http:\/\/jkpg-motor.se\/?page_id=50"},"modified":"2026-04-29T17:41:07","modified_gmt":"2026-04-29T17:41:07","slug":"om","status":"publish","type":"page","link":"https:\/\/www.jkpg-motor.se\/","title":{"rendered":"HEM"},"content":{"rendered":"<p>\u00d6ppettider Valborg<\/p>\n<p>30\/4.\u00a0 \u00a0 \u00a007.00-12.00<\/p>\n<p>1\/5.\u00a0 \u00a0 \u00a0 \u00a0 \u00a0 St\u00e4ngt<\/p>\n<hr \/>\n<pre>\r\n\r\nOrdinarie \u00d6ppettider kundmottagning:\r\n<strong>_______________________________________________\r\nM\u00e5n-torsd 07:00-15:00  Lunchst\u00e4ngt 12:30-13:00 \r\n_______________________________________________\r\n<\/strong><strong style=\"font-size: 1em;\">Fredagar 07:00-13:00   \r\n<\/strong><\/pre>\n<div class=\"page__grid\">\n<article class=\"page__article maxwidth--66 center margin__bottom--2\">\n<section class=\"page__section--full margin__top--2\">\n<div class=\"flex__row\">\n<hr \/>\n<p style=\"text-align: center;\">\n<\/div>\n<\/section>\n<\/article>\n<\/div>\n<h6>Vill du f\u00e5 <span class=\"nth-of-type-4n2\">dina fakturor <\/span><span class=\"nth-of-type-4n3\">fr\u00e5n oss<\/span><\/h6>\n<h6><span class=\"nth-of-type-4n4\">som pdf-fil <\/span><span class=\"nth-of-type-4n1\">via <\/span><span class=\"nth-of-type-4n2\">e-post? <\/span><\/h6>\n<div class=\"intro\">\n<h6>Vi kan nu erbjuda faktura i pdf-format direkt via e-post. Det inneb\u00e4r en snabbare och smidigare fakturahantering f\u00f6r dig som kund.<\/h6>\n<h6>Kontakta via <a href=\"036163700@telia.com\">epost <\/a>ange f\u00f6retagsnamn och e-post dit fakturorna skall skickas.<\/h6>\n<\/div>\n<hr \/>\n<p>&nbsp;<\/p>\n<p>&nbsp;<\/p>\n<p>&nbsp;<\/p>\n<div class=\"fb-like-box\" data-show-faces=\"false\" data-href=\"https:\/\/www.facebook.com\/pages\/J%C3%B6nk%C3%B6pings-Motorrenovering-AB\/411590515584142#\" data-colorscheme=\"light\" data-header=\"true\" data-stream=\"false\" data-show-border=\"true\"><\/div>\n<p>&nbsp;<\/p>\n","protected":false},"excerpt":{"rendered":"<p>\u00d6ppettider Valborg 30\/4.\u00a0 \u00a0 \u00a007.00-12.00 1\/5.\u00a0 \u00a0 \u00a0 \u00a0 \u00a0 St\u00e4ngt Ordinarie \u00d6ppettider kundmottagning: _______________________________________________ M\u00e5n-torsd 07:00-15:00 Lunchst\u00e4ngt 12:30-13:00 _______________________________________________ Fredagar 07:00-13:00 Vill du f\u00e5 dina fakturor fr\u00e5n oss som pdf-fil via e-post? Vi kan nu erbjuda faktura i pdf-format direkt via e-post. Det inneb\u00e4r en snabbare och smidigare fakturahantering f\u00f6r dig som kund. Kontakta [&hellip;]<\/p>\n","protected":false},"author":1,"featured_media":0,"parent":0,"menu_order":0,"comment_status":"closed","ping_status":"closed","template":"","meta":{"site-sidebar-layout":"default","site-content-layout":"default","ast-site-content-layout":"default","site-content-style":"default","site-sidebar-style":"default","ast-global-header-display":"","ast-banner-title-visibility":"","ast-main-header-display":"","ast-hfb-above-header-display":"","ast-hfb-below-header-display":"","ast-hfb-mobile-header-display":"","site-post-title":"","ast-breadcrumbs-content":"","ast-featured-img":"","footer-sml-layout":"","ast-disable-related-posts":"","theme-transparent-header-meta":"default","adv-header-id-meta":"","stick-header-meta":"","header-above-stick-meta":"","header-main-stick-meta":"","header-below-stick-meta":"","astra-migrate-meta-layouts":"set","ast-page-background-enabled":"default","ast-page-background-meta":{"desktop":{"background-color":"","background-image":"","background-repeat":"repeat","background-position":"center center","background-size":"auto","background-attachment":"scroll","background-type":"","background-media":"","overlay-type":"","overlay-color":"","overlay-opacity":"","overlay-gradient":""},"tablet":{"background-color":"","background-image":"","background-repeat":"repeat","background-position":"center center","background-size":"auto","background-attachment":"scroll","background-type":"","background-media":"","overlay-type":"","overlay-color":"","overlay-opacity":"","overlay-gradient":""},"mobile":{"background-color":"","background-image":"","background-repeat":"repeat","background-position":"center center","background-size":"auto","background-attachment":"scroll","background-type":"","background-media":"","overlay-type":"","overlay-color":"","overlay-opacity":"","overlay-gradient":""}},"ast-content-background-meta":{"desktop":{"background-color":"var(--ast-global-color-5)","background-image":"","background-repeat":"repeat","background-position":"center center","background-size":"auto","background-attachment":"scroll","background-type":"","background-media":"","overlay-type":"","overlay-color":"","overlay-opacity":"","overlay-gradient":""},"tablet":{"background-color":"var(--ast-global-color-5)","background-image":"","background-repeat":"repeat","background-position":"center center","background-size":"auto","background-attachment":"scroll","background-type":"","background-media":"","overlay-type":"","overlay-color":"","overlay-opacity":"","overlay-gradient":""},"mobile":{"background-color":"var(--ast-global-color-5)","background-image":"","background-repeat":"repeat","background-position":"center center","background-size":"auto","background-attachment":"scroll","background-type":"","background-media":"","overlay-type":"","overlay-color":"","overlay-opacity":"","overlay-gradient":""}},"footnotes":""},"class_list":["post-50","page","type-page","status-publish","hentry"],"_links":{"self":[{"href":"https:\/\/www.jkpg-motor.se\/index.php?rest_route=\/wp\/v2\/pages\/50","targetHints":{"allow":["GET"]}}],"collection":[{"href":"https:\/\/www.jkpg-motor.se\/index.php?rest_route=\/wp\/v2\/pages"}],"about":[{"href":"https:\/\/www.jkpg-motor.se\/index.php?rest_route=\/wp\/v2\/types\/page"}],"author":[{"embeddable":true,"href":"https:\/\/www.jkpg-motor.se\/index.php?rest_route=\/wp\/v2\/users\/1"}],"replies":[{"embeddable":true,"href":"https:\/\/www.jkpg-motor.se\/index.php?rest_route=%2Fwp%2Fv2%2Fcomments&post=50"}],"version-history":[{"count":268,"href":"https:\/\/www.jkpg-motor.se\/index.php?rest_route=\/wp\/v2\/pages\/50\/revisions"}],"predecessor-version":[{"id":916,"href":"https:\/\/www.jkpg-motor.se\/index.php?rest_route=\/wp\/v2\/pages\/50\/revisions\/916"}],"wp:attachment":[{"href":"https:\/\/www.jkpg-motor.se\/index.php?rest_route=%2Fwp%2Fv2%2Fmedia&parent=50"}],"curies":[{"name":"wp","href":"https:\/\/api.w.org\/{rel}","templated":true}]}}