{"id":15,"date":"2014-02-01T15:03:25","date_gmt":"2014-02-01T15:03:25","guid":{"rendered":"http:\/\/jkpg-motor.se\/?page_id=15"},"modified":"2025-02-26T08:34:46","modified_gmt":"2025-02-26T08:34:46","slug":"vad-gor-vi","status":"publish","type":"page","link":"https:\/\/www.jkpg-motor.se\/?page_id=15","title":{"rendered":"Vad g\u00f6r vi"},"content":{"rendered":"<p><!--StyleSheet Link--><\/p>\n<h3><strong>Vi utf\u00f6r f\u00f6ljande arbeten:<\/strong><\/h3>\n<p>&nbsp;<\/p>\n<div>\n<ul>\n<li><em><strong>Provtryckning av topplock<\/strong><\/em><\/li>\n<li><em><strong>Ventilrenovering av topplock<\/strong><\/em><\/li>\n<li><em><strong>Balansering av vevaxlar<\/strong><\/em><\/li>\n<li><em><strong>Slipning av vevaxlar<\/strong><\/em><\/li>\n<li><em><strong>Cylinderborrning<\/strong><\/em><\/li>\n<li><em><strong>Planslipning<\/strong><\/em><\/li>\n<li><em><strong>Kardanaxlar <\/strong><\/em><\/li>\n<li><em><strong>Balanseringar\u00a0<\/strong><\/em><\/li>\n<li><em><strong>Svarvning<\/strong><\/em><\/li>\n<li><em><strong>Helicoil, g\u00e4nginsatser, reparation g\u00e4ngor, urborrning avdragna skruvar.<\/strong><\/em><\/li>\n<li><em><strong>Provtryckning mekaniska spridare<\/strong><\/em><\/li>\n<li><em><strong>Ultraljudstv\u00e4tt \/-reng\u00f6ring mindre delar s\u00e5som f\u00f6rgasare spridare m.m.\u00a0<\/strong><\/em><\/li>\n<\/ul>\n<p><strong>N\u00e4r det g\u00e4ller kardanaxlar s\u00e5 b\u00e5de renoverar vi och tillverkar nya kardanst\u00e4nger samt balanserar dem.<\/strong><\/p>\n<\/div>\n<p>&nbsp;<\/p>\n<p>&nbsp;<\/p>\n<p>&nbsp;<\/p>\n<hr \/>\n<p style=\"text-align: center;\"><strong>Delar Maskinparken<\/strong><\/p>\n<hr \/>\n<p>&nbsp;<\/p>\n<p>&nbsp;<\/p>\n<div id='gallery-1' class='gallery galleryid-15 gallery-columns-1 gallery-size-full'><figure class='gallery-item'>\n\t\t\t<div class='gallery-icon landscape'>\n\t\t\t\t<a href='https:\/\/www.jkpg-motor.se\/?attachment_id=428'><img loading=\"lazy\" decoding=\"async\" width=\"300\" height=\"199\" src=\"https:\/\/www.jkpg-motor.se\/wp-content\/uploads\/2020\/10\/maskin_vevstak-300x199-1.jpg\" class=\"attachment-full size-full\" alt=\"\" aria-describedby=\"gallery-1-428\" \/><\/a>\n\t\t\t<\/div>\n\t\t\t\t<figcaption class='wp-caption-text gallery-caption' id='gallery-1-428'>\n\t\t\t\tVevstaksreparationMaskin: Schou Beskrivning: Reperation av stor\u00e4nda och finborrning bussning lill\u00e4nda p\u00e5 vevastakar.\n\t\t\t\t<\/figcaption><\/figure><figure class='gallery-item'>\n\t\t\t<div class='gallery-icon landscape'>\n\t\t\t\t<a href='https:\/\/www.jkpg-motor.se\/?attachment_id=412'><img loading=\"lazy\" decoding=\"async\" width=\"300\" height=\"199\" src=\"https:\/\/www.jkpg-motor.se\/wp-content\/uploads\/2020\/10\/maskin_planschou-300x199-1.jpg\" class=\"attachment-full size-full\" alt=\"\" aria-describedby=\"gallery-1-412\" \/><\/a>\n\t\t\t<\/div>\n\t\t\t\t<figcaption class='wp-caption-text gallery-caption' id='gallery-1-412'>\n\t\t\t\tPlanslipningMaskin: Schou Fr\u00e4sning med diamantsk\u00e4r, anpassat f\u00f6r finaste ytfinish vilket kr\u00e4vs p\u00e5 moderna motorer med l\u00e4ttmetallstoppar som anv\u00e4nder topplockspackning i pl\u00e5t\n\t\t\t\t<\/figcaption><\/figure><figure class='gallery-item'>\n\t\t\t<div class='gallery-icon landscape'>\n\t\t\t\t<a href='https:\/\/www.jkpg-motor.se\/?attachment_id=408'><img loading=\"lazy\" decoding=\"async\" width=\"300\" height=\"199\" src=\"https:\/\/www.jkpg-motor.se\/wp-content\/uploads\/2020\/10\/maskin_planjacobsen-300x199-1.jpg\" class=\"attachment-full size-full\" alt=\"\" aria-describedby=\"gallery-1-408\" \/><\/a>\n\t\t\t<\/div>\n\t\t\t\t<figcaption class='wp-caption-text gallery-caption' id='gallery-1-408'>\n\t\t\t\tMaskin: Jacobsen SJ16  Planslipning med stenskiva\n\t\t\t\t<\/figcaption><\/figure><figure class='gallery-item'>\n\t\t\t<div class='gallery-icon portrait'>\n\t\t\t\t<a href='https:\/\/www.jkpg-motor.se\/?attachment_id=404'><img loading=\"lazy\" decoding=\"async\" width=\"200\" height=\"300\" src=\"https:\/\/www.jkpg-motor.se\/wp-content\/uploads\/2020\/10\/maskin_mira-200x300-1.jpg\" class=\"attachment-full size-full\" alt=\"\" aria-describedby=\"gallery-1-404\" \/><\/a>\n\t\t\t<\/div>\n\t\t\t\t<figcaption class='wp-caption-text gallery-caption' id='gallery-1-404'>\n\t\t\t\tMirafr\u00e4sningMaskin: MIRA CENTRONIC Beskrivning: Fr\u00e4sning av ventils\u00e4ten, urfr\u00e4sning av s\u00e4ten f\u00f6r blyfri bensin.\n\t\t\t\t<\/figcaption><\/figure><figure class='gallery-item'>\n\t\t\t<div class='gallery-icon portrait'>\n\t\t\t\t<a href='https:\/\/www.jkpg-motor.se\/?attachment_id=397'><img loading=\"lazy\" decoding=\"async\" width=\"200\" height=\"300\" src=\"https:\/\/www.jkpg-motor.se\/wp-content\/uploads\/2020\/10\/maskin_honing1-200x300-1.jpg\" class=\"attachment-full size-full\" alt=\"\" aria-describedby=\"gallery-1-397\" \/><\/a>\n\t\t\t<\/div>\n\t\t\t\t<figcaption class='wp-caption-text gallery-caption' id='gallery-1-397'>\n\t\t\t\tHoningMaskin: Schou Beskrivning: Maskinhoning av cylindrar, motorblock och korta hydraulcylindrar\n\t\t\t\t<\/figcaption><\/figure><figure class='gallery-item'>\n\t\t\t<div class='gallery-icon portrait'>\n\t\t\t\t<a href='https:\/\/www.jkpg-motor.se\/?attachment_id=392'><img loading=\"lazy\" decoding=\"async\" width=\"200\" height=\"300\" src=\"https:\/\/www.jkpg-motor.se\/wp-content\/uploads\/2020\/10\/maskin_borrning-200x300-1.jpg\" class=\"attachment-full size-full\" alt=\"\" aria-describedby=\"gallery-1-392\" \/><\/a>\n\t\t\t<\/div>\n\t\t\t\t<figcaption class='wp-caption-text gallery-caption' id='gallery-1-392'>\n\t\t\t\tBorrning Maskin: Schou Borrning av cylindrar och motorblock.\n\t\t\t\t<\/figcaption><\/figure><figure class='gallery-item'>\n\t\t\t<div class='gallery-icon landscape'>\n\t\t\t\t<a href='https:\/\/www.jkpg-motor.se\/?attachment_id=388'><img loading=\"lazy\" decoding=\"async\" width=\"300\" height=\"199\" src=\"https:\/\/www.jkpg-motor.se\/wp-content\/uploads\/2020\/10\/maskin_balansering-300x199-1.jpg\" class=\"attachment-full size-full\" alt=\"\" aria-describedby=\"gallery-1-388\" \/><\/a>\n\t\t\t<\/div>\n\t\t\t\t<figcaption class='wp-caption-text gallery-caption' id='gallery-1-388'>\n\t\t\t\tBalansering Maskin: Hofman Beskrivning: Elektrodynamisk balansering av vevpartier(Vevaxel, Sv\u00e4nghjul, tryckplatta), Kardanaxlar, remhjul, slaghackar, betesfr\u00e4sar samt diverse andra mekaniska delar d\u00e4r det kr\u00e4vs balansering.\n\t\t\t\t<\/figcaption><\/figure><figure class='gallery-item'>\n\t\t\t<div class='gallery-icon landscape'>\n\t\t\t\t<a href='https:\/\/www.jkpg-motor.se\/?attachment_id=416'><img loading=\"lazy\" decoding=\"async\" width=\"300\" height=\"199\" src=\"https:\/\/www.jkpg-motor.se\/wp-content\/uploads\/2020\/10\/maskin_provtryck-300x199-1.jpg\" class=\"attachment-full size-full\" alt=\"\" aria-describedby=\"gallery-1-416\" \/><\/a>\n\t\t\t<\/div>\n\t\t\t\t<figcaption class='wp-caption-text gallery-caption' id='gallery-1-416'>\n\t\t\t\tProvtryckningMaskin: PMD PT120 Beskrivning: Provtryckning av topplock och avgaslimpor till b\u00e5tmotorer m.m. med 2kg lufttryck i 90gradigt vatten\n\t\t\t\t<\/figcaption><\/figure>\n\t\t<\/div>\n\n<p><img loading=\"lazy\" decoding=\"async\" class=\"wp-image-829 aligncenter\" src=\"https:\/\/www.jkpg-motor.se\/wp-content\/uploads\/2025\/02\/20250218_062501111-002-scaled.jpg\" alt=\"\" width=\"509\" height=\"318\" srcset=\"https:\/\/www.jkpg-motor.se\/wp-content\/uploads\/2025\/02\/20250218_062501111-002-scaled.jpg 2560w, https:\/\/www.jkpg-motor.se\/wp-content\/uploads\/2025\/02\/20250218_062501111-002-300x188.jpg 300w, https:\/\/www.jkpg-motor.se\/wp-content\/uploads\/2025\/02\/20250218_062501111-002-1024x640.jpg 1024w, https:\/\/www.jkpg-motor.se\/wp-content\/uploads\/2025\/02\/20250218_062501111-002-768x480.jpg 768w, https:\/\/www.jkpg-motor.se\/wp-content\/uploads\/2025\/02\/20250218_062501111-002-1536x960.jpg 1536w, https:\/\/www.jkpg-motor.se\/wp-content\/uploads\/2025\/02\/20250218_062501111-002-2048x1280.jpg 2048w\" sizes=\"auto, (max-width: 509px) 100vw, 509px\" \/><\/p>\n<p style=\"text-align: center;\">Vevaxelsslip: Schou 1500: Slipning av vevaxlar samt rundslipning detaljer<\/p>\n<p>Detta \u00e4r bara en del av allt vi utf\u00f6r. Ring oss om det \u00e4r n\u00e5got som ni vill renovera.<\/p>\n","protected":false},"excerpt":{"rendered":"<p>Vi utf\u00f6r f\u00f6ljande arbeten: &nbsp; Provtryckning av topplock Ventilrenovering av topplock Balansering av vevaxlar Slipning av vevaxlar Cylinderborrning Planslipning Kardanaxlar Balanseringar\u00a0 Svarvning Helicoil, g\u00e4nginsatser, reparation g\u00e4ngor, urborrning avdragna skruvar. Provtryckning mekaniska spridare Ultraljudstv\u00e4tt \/-reng\u00f6ring mindre delar s\u00e5som f\u00f6rgasare spridare m.m.\u00a0 N\u00e4r det g\u00e4ller kardanaxlar s\u00e5 b\u00e5de renoverar vi och tillverkar nya kardanst\u00e4nger samt balanserar dem. [&hellip;]<\/p>\n","protected":false},"author":1,"featured_media":0,"parent":0,"menu_order":1,"comment_status":"closed","ping_status":"closed","template":"","meta":{"site-sidebar-layout":"default","site-content-layout":"default","ast-site-content-layout":"default","site-content-style":"default","site-sidebar-style":"default","ast-global-header-display":"","ast-banner-title-visibility":"","ast-main-header-display":"","ast-hfb-above-header-display":"","ast-hfb-below-header-display":"","ast-hfb-mobile-header-display":"","site-post-title":"","ast-breadcrumbs-content":"","ast-featured-img":"","footer-sml-layout":"","ast-disable-related-posts":"","theme-transparent-header-meta":"default","adv-header-id-meta":"","stick-header-meta":"","header-above-stick-meta":"","header-main-stick-meta":"","header-below-stick-meta":"","astra-migrate-meta-layouts":"set","ast-page-background-enabled":"default","ast-page-background-meta":{"desktop":{"background-color":"","background-image":"","background-repeat":"repeat","background-position":"center center","background-size":"auto","background-attachment":"scroll","background-type":"","background-media":"","overlay-type":"","overlay-color":"","overlay-opacity":"","overlay-gradient":""},"tablet":{"background-color":"","background-image":"","background-repeat":"repeat","background-position":"center center","background-size":"auto","background-attachment":"scroll","background-type":"","background-media":"","overlay-type":"","overlay-color":"","overlay-opacity":"","overlay-gradient":""},"mobile":{"background-color":"","background-image":"","background-repeat":"repeat","background-position":"center center","background-size":"auto","background-attachment":"scroll","background-type":"","background-media":"","overlay-type":"","overlay-color":"","overlay-opacity":"","overlay-gradient":""}},"ast-content-background-meta":{"desktop":{"background-color":"var(--ast-global-color-5)","background-image":"","background-repeat":"repeat","background-position":"center center","background-size":"auto","background-attachment":"scroll","background-type":"","background-media":"","overlay-type":"","overlay-color":"","overlay-opacity":"","overlay-gradient":""},"tablet":{"background-color":"var(--ast-global-color-5)","background-image":"","background-repeat":"repeat","background-position":"center center","background-size":"auto","background-attachment":"scroll","background-type":"","background-media":"","overlay-type":"","overlay-color":"","overlay-opacity":"","overlay-gradient":""},"mobile":{"background-color":"var(--ast-global-color-5)","background-image":"","background-repeat":"repeat","background-position":"center center","background-size":"auto","background-attachment":"scroll","background-type":"","background-media":"","overlay-type":"","overlay-color":"","overlay-opacity":"","overlay-gradient":""}},"footnotes":""},"class_list":["post-15","page","type-page","status-publish","hentry"],"_links":{"self":[{"href":"https:\/\/www.jkpg-motor.se\/index.php?rest_route=\/wp\/v2\/pages\/15","targetHints":{"allow":["GET"]}}],"collection":[{"href":"https:\/\/www.jkpg-motor.se\/index.php?rest_route=\/wp\/v2\/pages"}],"about":[{"href":"https:\/\/www.jkpg-motor.se\/index.php?rest_route=\/wp\/v2\/types\/page"}],"author":[{"embeddable":true,"href":"https:\/\/www.jkpg-motor.se\/index.php?rest_route=\/wp\/v2\/users\/1"}],"replies":[{"embeddable":true,"href":"https:\/\/www.jkpg-motor.se\/index.php?rest_route=%2Fwp%2Fv2%2Fcomments&post=15"}],"version-history":[{"count":31,"href":"https:\/\/www.jkpg-motor.se\/index.php?rest_route=\/wp\/v2\/pages\/15\/revisions"}],"predecessor-version":[{"id":830,"href":"https:\/\/www.jkpg-motor.se\/index.php?rest_route=\/wp\/v2\/pages\/15\/revisions\/830"}],"wp:attachment":[{"href":"https:\/\/www.jkpg-motor.se\/index.php?rest_route=%2Fwp%2Fv2%2Fmedia&parent=15"}],"curies":[{"name":"wp","href":"https:\/\/api.w.org\/{rel}","templated":true}]}}